{"id":770,"date":"2020-03-11T13:04:37","date_gmt":"2020-03-11T12:04:37","guid":{"rendered":"https:\/\/www.museodellasalumeria.it\/privacy-policy\/"},"modified":"2022-11-04T18:45:18","modified_gmt":"2022-11-04T17:45:18","slug":"privacy-policy","status":"publish","type":"page","link":"https:\/\/www.museodellasalumeria.it\/en\/privacy-policy\/","title":{"rendered":"Privacy Policy"},"content":{"rendered":"<p>[vc_row][vc_column][vc_column_text]<\/p>\n<h1 style=\"text-align: center;\">Privacy policy<\/h1>\n<p>[\/vc_column_text][\/vc_column][\/vc_row][vc_row css=&#8221;.vc_custom_1599815748303{margin-top: 70px !important;margin-bottom: 90px !important;}&#8221;][vc_column width=&#8221;1\/6&#8243;][\/vc_column][vc_column width=&#8221;2\/3&#8243; css=&#8221;.vc_custom_1599815801418{padding-right: 3% !important;padding-left: 3% !important;}&#8221;][vc_column_text]<\/p>\n<h2>Informativa sul trattamento dei dati personali<\/h2>\n<p>Ai sensi dell&#8217;articolo 13 del Regolamento (UE) 2016\/679 sulla protezione dei dati personali (di seguito \u201cRegolamento\u201d oppure \u201cGDPR\u201d) il Titolare informa sui trattamenti di dati personali effettuati attraverso il sito web www.museodellasalumeria it (di seguito anche abbreviato il \u201csito\u201d). Queste informazioni riguardano questo sito e non altri siti web eventualmente consultati dall\u2019utente tramite la navigazione dai link presenti sul sito, per i quali si rimanda alle informazioni fornite dagli altri siti in merito alla loro gestione della privacy.<\/p>\n<p>&nbsp;<\/p>\n<h3>Titolare del trattamento \u2013 dati di contatto<\/h3>\n<p>Villani Spa \u00e8 Titolare dei trattamenti effettuati sui dati personali raccolti e ottenuti da questo sito web e determina come saranno trattati i dati e chi potr\u00e0 accedervi. Il Titolare non ha l\u2019obbligo di nomina del Responsabile della Protezione dei Dati (RDP\u00a0\/\u00a0DPO) ai sensi dell\u2019art. 37 del GDPR.<\/p>\n<div style=\"padding-left: 40px;\"><strong><em>Villani Spa<\/em><\/strong><br \/>\n<em>Via Zanasi 24, 41051 Castelnuovo Rangone (MO)<\/em><br \/>\n<em>Mail: privacy@villanisalumi.it<\/em><br \/>\n<em>tel +39059534411<\/em><\/div>\n<p>&nbsp;<\/p>\n<h3>Dati trattati e finalit\u00e0 di trattamento<\/h3>\n<h4>Dati tecnici di navigazione \u2013 file di log<\/h4>\n<p>I sistemi informatici e le procedure software preposte al funzionamento di questo sito web acquisiscono, nel corso del loro normale esercizio, alcuni dati la cui trasmissione \u00e8 implicita nell\u2019uso dei protocolli di comunicazione di Internet. In questa categoria di dati rientrano: gli indirizzi IP, il tipo di browser utilizzato, il sistema operativo, il nome di dominio e gli indirizzi di siti web dai quali \u00e8 stato effettuato l\u2019accesso o l\u2019uscita, le informazioni sulle pagine visitate dagli utenti all\u2019interno del sito, l\u2019orario d\u2019accesso, l\u2019analisi di percorso interno e altri parametri relativi al sistema operativo e all\u2019ambiente informatico dell\u2019utente. Tali dati di carattere tecnico sono accessibili al Titolare in maniera aggregata e non identificativa sono usati per finalit\u00e0 di gestione tecnica dei servizi erogati e di analisi statistica anonima del traffico generato e delle pagine visitate; in caso di attacchi informatici al sito, di reati o di illeciti commessi attraverso il sito, possono essere usati per finalit\u00e0 di indagine e di accertamento delle responsabilit\u00e0. I dati sono conservati per il tempo necessario all\u2019espletamento delle finalit\u00e0 specificate, fatto salvo il caso in cui sia necessario tenere i dati per accertare incidenti, fatti illeciti o reati o su richiesta delle Forze dell\u2019Ordine o dell\u2019Autorit\u00e0.<\/p>\n<h4>Dati forniti dagli utenti attraverso messaggi e-mail, telefono, posta ordinaria<\/h4>\n<p>Il sito pubblica i nostri indirizzi, numeri di telefono, e-mail, ai quali ogni persona pu\u00f2 liberamente rivolgersi per richieste di informazioni o di assistenza per gli acquisti: il conferimento \u00e8 facoltativo, i dati saranno trattati per rispondere alla richiesta e\/o per le finalit\u00e0 specificate dal soggetto interessato, saranno conservati per il tempo di raggiungimento delle finalit\u00e0 ovvero per l\u2019evasione delle richieste, se non gi\u00e0 conservati per altre finalit\u00e0 di gestione del rapporto con il soggetto interessato che prevedono tempi di conservazione diversi e prolungati.<\/p>\n<h4>Dati forniti per la prenotazione della visita al Museo<\/h4>\n<p>Sono raccolti solo dati personali comuni, minimi e necessari per la prenotazione della visita al Museo e per la gestione degli afflussi dei visitatori, non sono richiesti o trattati dati personali relativi al mezzo di pagamento dell\u2019utente, alle carte di credito, n\u00e9 altri dati o informazioni relative alle transazioni elettroniche.<\/p>\n<h4>Dati forniti nel carrello di pagamento<\/h4>\n<p>Per questo trattamento il Titolare autonomo \u00e8 Modenatur S.c.a.r.l. Via Scudari 10, 41121 Modena (MO) raggiungibile anche chiamando il numero 059.220022 oppure via mail all\u2019indirizzo info@modenatur.it.<\/p>\n<p>Il collegamento all\u2019informativa privacy di Modenatur si trova alla fine del modulo di immissione dei dati, dove \u00e8 possibile dare il proprio consenso, libero e separato, per trattamenti facoltativi, che non sono non indispensabili per la registrazione e per la conferma della prenotazione.<\/p>\n<p>Nel caso di pagamento con carta di credito o circuito PayPal, i dati dell\u2019utente e della carta di credito utilizzata saranno trattati direttamente dalla piattaforma di commercio elettronico esterna al nostro sito che gestir\u00e0 in modo autonomo queste informazioni, pertanto si invita il visitatore a leggere le informazioni sul trattamento dei dati personali fornite dalla piattaforma di e-commerce dove viene eseguito il pagamento.<\/p>\n<h4>Dati usati per il marketing del Titolare<\/h4>\n<p>In conformit\u00e0 alla normativa, come precisato nel Considerando 47 del GDPR, i dati dei visitatori potranno essere usati anche per attivit\u00e0 di marketing diretto ai clienti per prodotti e\/o servizi analoghi, in quanto i legittimi interessi del Titolare del trattamento possono costituire una base giuridica del trattamento a condizione che non prevalgano gli interessi o i diritti e le libert\u00e0 fondamentali dell\u2019interessato, tenuto conto delle sue ragionevoli aspettative in relazione al trattamento che lo riguarda. In tali casi, all\u2019interessato saranno date tutte le informazioni per rivolgersi al Titolare e chiedere di sospendere il trattamento.[\/vc_column_text][vc_empty_space height=&#8221;60px&#8221;][vc_column_text el_id=&#8221;cookie&#8221;]<\/p>\n<h3>Cookie<\/h3>\n<p><em>Rivedere il consenso espresso:<\/em> <a role='button' tabindex='0' class=\"medium cli-plugin-button cli-plugin-main-button cli_settings_button\">Cookie settings<\/a><\/p>\n<p>I <em>cookies<\/em> (di seguito \u201ccookie\u201d) sono piccoli files che vengono salvati sul dispositivo dell&#8217;utente durante la navigazione sul sito web, hanno lo scopo di raccogliere informazioni sulla navigazione del sito web da parte dell\u2019utente e possono essere ritrasmessi o riutilizzati in occasione di visite successive.<\/p>\n<p>I cookie hanno caratteristiche diverse e sono usati per diverse finalit\u00e0, sia dal titolare del sito che si sta visitando (c.d. cookie di prima parte), sia da altri siti (c.d. cookie di terze parti) perch\u00e9 nel nostro sito sono incorporati strumenti web forniti da terze parti. I cookie possono essere memorizzati in modo permanente sul dispositivo oppure avere una durata variabile (c.d. cookie persistenti), altrimenti sono temporanei e vengono eliminati alla chiusura del browser oppure avere una durata limitata (c.d. cookie di sessione). Esistono altre tecnologie come pixel tag, web bug, web storage e altri file e tecnologie simili che possono svolgere le stesse funzioni dei cookie, nella presente Cookie Policy utilizziamo il termine &#8220;cookie&#8221; anche per tutte queste tecnologie simili.<\/p>\n<h4>Cookies di sessione<\/h4>\n<p>La loro durata corrisponde alla sessione di utilizzo del browser e si cancellano automaticamente alla chiusura di quest\u2019ultimo.<\/p>\n<h4>Cookies persistenti<\/h4>\n<p>Rimangono memorizzati sul dispositivo di navigazione fino alla data di scadenza prevista, oppure sono cancellati dall\u2019utente prima della scadenza.<\/p>\n<h4>Cookie tecnici o funzionali<\/h4>\n<p>I cookie tecnici o funzionali servono per la navigazione e fruizione del sito web, sono usati per assicurare il corretto funzionamento del sito o per gestire determinate funzioni di erogazione del sito in base alle scelte dell\u2019utente, sono necessari e la loro disattivazione pu\u00f2 significare la perdita di funzionalit\u00e0 del sito o l\u2019impossibilit\u00e0 di navigarlo correttamente. Questi cookie possono essere di prima parte, ovvero depositati direttamente dal nostro sito o dominio, ma anche di terze parti, gestiti da altri siti web o domini diversi con i quali il nostro sito interagisce.<\/p>\n<p>Non serve il consenso del visitatore per questo genere di cookie.<\/p>\n<h4>Cookies analitici<\/h4>\n<p>Nel sito usiamo cookie analitici e di statistica, per i quali si informa il visitatore prima dell\u2019accesso al sito e si richiede il consenso: questi cookie sono registrati sul dispositivo solo se l\u2019utente li accetta.<\/p>\n<p>Usiamo i servizi di terza parte forniti da Google Analytics (analytics.google.com) con anonimizzazione (mascheramento parziale dell\u2019indirizzo IP), in questo modo la terza parte non \u00e8 in grado diacquisire l\u2019indirizzo IP dell\u2019utente e di incrociarlo con altri dati in suo possesso, quindi non \u00e8 possibile una profilazione delle preferenze dell\u2019utente. Usiamo questi cookie per raccogliere e analizzare il traffico e l\u2019utilizzo del sito in modo anonimo: senza identificare direttamente l\u2019utente, permettono di monitorare gliaccessi al sito e migliorarne le prestazioni e l\u2019usabilit\u00e0.<\/p>\n<p>I dati raccolti presso l&#8217;utente da questi cookie sono trasmessi a provider o fornitori di servizi web collocati negli Stati Uniti (USA) quindi al di fuori dall\u2019Unione Europea. Nel rispetto dei principi e requisiti di artt. 44 e 49 del GDPR per il trasferimento extra-UE, la base giuridica per il trasferimento \u00e8 il consenso preventivo<br \/>\ndell\u2019interessato ai sensi di art. 6 par. 1 lett. a) del GDPR.<\/p>\n<p>La disattivazione di tali cookie pu\u00f2 essere eseguita senza alcuna perdita di funzionalit\u00e0, per ulteriori informazioni, si rinvia al link <a href=\"https:\/\/www.google.it\/policies\/privacy\/partners\/\" target=\"_blank\" rel=\"noopener\">https:\/\/www.google.it\/policies\/privacy\/partners\/<\/a><br \/>\nL\u2019utente pu\u00f2 anche disabilitare in modo selettivo l\u2019azione di Google Analytics installando sul proprio browser la componente di opt-out fornito da Google, si rinvia al link <a href=\"https:\/\/tools.google.com\/dlpage\/gaoptout\/\" target=\"_blank\" rel=\"noopener\">https:\/\/tools.google.com\/dlpage\/gaoptout\/<\/a><\/p>\n<h4>Cookie di terza parte<\/h4>\n<p>Nel sito utilizziamo servizi di terze parti che utilizzano cookie di tracciamento e profilazione, per i quali si informa il visitatore prima dell\u2019accesso al sito e si richiede il consenso: questi cookie sono registrati sul dispositivo solo se l\u2019utente li accetta.<\/p>\n<p>Questi cookie profilano gli utenti e le loro opzioni e abitudini di navigazione sui diversi siti web che visitano e che usano questi cookie, la cui funzione \u00e8 anche quella di incrociare le informazioni raccolte con quelle gi\u00e0 in possesso delle terze parti oppure raccolte da altri siti web, allo scopo di inviare pubblicit\u00e0 di servizi mirati e personalizzati.<\/p>\n<p>I dati raccolti presso l&#8217;utente da questi cookie sono trasmessi a provider o fornitori di servizi web collocati negli Stati Uniti (USA) quindi al di fuori dall\u2019Unione Europea. Nel rispetto dei principi e requisiti di artt. 44 e 49 del GDPR per il trasferimento extra-UE, la base giuridica per il trasferimento \u00e8 il consenso preventivo dell\u2019interessato ai sensi di art. 6 par. 1 lett. a) del GDPR.<br \/>\nPer ulteriori informazioni: <a href=\"https:\/\/support.google.com\/adsense\/answer\/1348695\" target=\"_blank\" rel=\"noopener\">https:\/\/support.google.com\/adsense\/answer\/1348695<\/a> oppure <a href=\"https:\/\/policies.google.com\/technologies\/cookies\" target=\"_blank\" rel=\"noopener\">https:\/\/policies.google.com\/technologies\/cookies<\/a>.<\/p>\n<h4>Link ai Social Network o verso altri siti<\/h4>\n<p>Nelle pagine del sito vi sono i link per visitare altri siti web di terze parti, l&#8217;uso di tali funzionalit\u00e0 porta l\u2019utente ad interagire con i servizi web offerti dai siti di terze parti e implica lo scambio di informazioni con tali siti, il visitatore viene rediretto sul sito di terza parte uscendo dal nostro sito, pertanto la gestione delle informazioni \u00e8 effettuata dalle terze parti in modo autonomo.<\/p>\n<p>Il sito incorpora i \u201csocial buttons\u201d per visitare le nostre pagine sui social network preferiti. Per salvaguardare la privacy degli utenti tali pulsanti sono programmati in modo da non impostare alcun cookie all&#8217;accesso della pagina, ma solo quando l&#8217;utente fa effettivo e volontario uso del plugin, secondo le impostazioni del social network. Se l&#8217;utente naviga il sito mentre \u00e8 loggato al suo profilo nel social network ha gi\u00e0 acconsentito all&#8217;uso dei cookie veicolati tramite il social network. La raccolta e l&#8217;uso delle informazioni ottenute dalle terze parti a mezzo del plugin sono regolati dalle rispettive informative privacy dei social network, alle quali si prega di fare riferimento.<\/p>\n<h4>Gestione dei cookie<\/h4>\n<p>Al momento dell&#8217;accesso al sito \u00e8 presente un banner contiene una informativa breve ed il collegamento a questa informativa estesa.<\/p>\n<p>Il banner permette al visitatore di gestire l&#8217;uso dei cookie e di impostare la scelta per i cookie facoltativi di profilazione\/tracciamento, come impostazione predefinita sono abilitati solo i cookie funzionali\/tecnici che sono necessari e non disattivabili.<\/p>\n<p>Il consenso all&#8217;uso dei cookie impostati viene registrato con un \u201ccookie tecnico\u201d salvato nel dispositivo dell\u2019utente.<\/p>\n<p>La gestione dei cookie \u00e8 anche possibile cambiando le impostazioni del browser attraverso le seguenti possibili soluzioni, sono esemplificative e ne esistono anche altre:<\/p>\n<ul>\n<li>modifica delle impostazioni del browser, che consentono o meno la memorizzazione dei cookie eche di norma permettono anche di impostare le regole dei cookie in modo che non vengano accettatiquelli di &#8220;terze parti&#8221;. Alcuni consentono anche di bloccare i cookie di alcune terze parti e non di altre, tramite una funzione che permette di indicare da quali domini consentire l\u2019invio di cookie;<\/li>\n<li>con specifici componenti software aggiunti al browser (c.d. plug-in), che specializzano le funzionicomunemente rese disponibili dai software per la navigazione e che possono essere configurati dall\u2019utente per effettuare una selezione dei cookie sulla base dei domini di provenienza;<\/li>\n<li>mediante il cosiddetto &#8220;do not track&#8221;, che consente all\u2019utente di segnalare a ciascun sito visitato lasua volont\u00e0 di essere o meno tracciato nel corso della navigazione. Per\u00f2 questa modalit\u00e0 tecnicanon \u00e8 standardizzata e non vi \u00e8 certezza che tale funzionalit\u00e0 sia implementata su tutti i domini che depositano cookie sul sito e per i quali, essendo di terze parti, il Titolare non controllo;<\/li>\n<li>\u00c8 possibile disabilitare i cookie di Google Analytics visitando la pagina web di Google (GoogleGaOptOut) e scaricando il componente aggiuntivo per il browser utilizzato.<\/li>\n<\/ul>\n<p>Nota: se si sceglie di bloccare tutti i cookie, la piena funzionalit\u00e0 del sito Web pu\u00f2 essere compromessa.[\/vc_column_text][vc_empty_space height=&#8221;60px&#8221;][vc_column_text]<\/p>\n<h3>Modalit\u00e0 di trattamento e di conservazione<\/h3>\n<p>I dati sono trattati con strumenti informatici\/elettronici da personale autorizzato ed istruito dal Titolare, oppure anche da soggetti terzi designati Responsabili per i trattamenti di competenza, sempre nel rispetto dei principi di liceit\u00e0 del trattamento e mediante l&#8217;adozione delle adeguate misure di sicurezza per limitare l\u2019accesso ai dati solo ai soggetti autorizzati. I dati saranno conservati per il tempo richiesto dalle finalit\u00e0 di trattamento, come specificato nelle sezioni precedenti dove per ogni trattamento sono indicati i tempi di conservazione.<\/p>\n<h3>Comunicazione e trasferimento dei dati<\/h3>\n<p>I dati saranno comunicati esclusivamente a soggetti autorizzati, istruiti e designati per la gestione del sito e delle nostre attivit\u00e0 relative al sito:<\/p>\n<ul>\n<li>personale interno che agisce sotto l\u2019autorit\u00e0 del Titolare;<\/li>\n<li>professionisti, consulenti o societ\u00e0, per servizi funzionali alla gestione delle nostre attivit\u00e0 o per l\u2019amministrazione del sito web;<\/li>\n<li>provider di hosting, altri fornitori di servizi internet per il sito web;<\/li>\n<li>Modenatur S.c.a.r.l. Via Scudari 10, 41121 Modena (MO) che gestisce in proprio il collegamento alle piatteforme di pagamento elettronico. Modenatur e questi altri soggetti agiscono come Titolari autonomi del trattamento.<\/li>\n<\/ul>\n<p>I dati dei visitatori del sito non sono diffusi e non vengono trasferiti fuori dallo Spazio Economico Europeo.<\/p>\n<h3>Esercizio dei diritti dell\u2019interessato<\/h3>\n<p>Salvo le limitazioni previste dallo stesso Regolamento, il soggetto interessato potr\u00e0 in qualsiasi momento rivolgersi al Titolare presso i recapiti qui indicati per esercitare i diritti previsti dagli articoli 15-22 del GDPR:<\/p>\n<ul>\n<li>accesso ai dati personali; rettifica; cancellazione; limitazione del trattamento; opposizione al trattamento; portabilit\u00e0 dei dati;<\/li>\n<li>revoca del consenso, ove previsto: la revoca del consenso non pregiudica la liceit\u00e0 del trattamento basata sul consenso conferito prima della revoca;<\/li>\n<li>informazioni sul processo automatizzato relativo alla profilazione.<\/li>\n<\/ul>\n<p>L\u2019interessato ha anche il diritto di proporre reclamo, nei modi e nei termini previsti, presso il Garante per la protezione dei dati personali: si invita a visitare il sito web www.gpdp it per maggiori dettagli.<\/p>\n<h3>Aggiornamento della Privacy Policy<\/h3>\n<p>L\u2019eventuale entrata in vigore di nuove normative di settore, come anche il costante esame e aggiornamento dei servizi all\u2019utente, potrebbe comportare la necessit\u00e0 di variare le modalit\u00e0 di trattamento dei dati personali attraverso il sito: \u00e8 possibile che la nostra policy subisca modifiche nel tempo e invitiamo, pertanto, il visitatore a consultare periodicamente questa pagina.[\/vc_column_text][vc_column_text css=&#8221;.vc_custom_1667583467272{margin-top: 60px !important;}&#8221;]<em>Revisione di: novembre 2022<\/em>[\/vc_column_text][\/vc_column][vc_column width=&#8221;1\/6&#8243;][\/vc_column][\/vc_row]<\/p>\n","protected":false},"excerpt":{"rendered":"<p>[vc_row][vc_column][vc_column_text] Privacy policy [\/vc_column_text][\/vc_column][\/vc_row][vc_row css=&#8221;.vc_custom_1599815748303{margin-top: 70px !important;margin-bottom: 90px !important;}&#8221;][vc_column width=&#8221;1\/6&#8243;][\/vc_column][vc_column width=&#8221;2\/3&#8243; css=&#8221;.vc_custom_1599815801418{padding-right: 3% !important;padding-left: 3% !important;}&#8221;][vc_column_text] Informativa sul trattamento dei dati personali Ai sensi dell&#8217;articolo 13 del Regolamento (UE) 2016\/679 sulla protezione dei dati personali (di seguito \u201cRegolamento\u201d oppure \u201cGDPR\u201d) il Titolare informa sui trattamenti di dati personali effettuati attraverso il sito web www.museodellasalumeria it<br \/><a href=\"https:\/\/www.museodellasalumeria.it\/en\/privacy-policy\/\" class=\"more\">Read more<\/a><\/p>\n","protected":false},"author":1,"featured_media":0,"parent":0,"menu_order":9999,"comment_status":"closed","ping_status":"closed","template":"","meta":[],"yoast_head":"<!-- This site is optimized with the Yoast SEO plugin v19.3 - https:\/\/yoast.com\/wordpress\/plugins\/seo\/ -->\n<title>Privacy Policy - MuSa<\/title>\n<meta name=\"robots\" content=\"noindex, follow\" \/>\n<meta property=\"og:locale\" content=\"en_US\" \/>\n<meta property=\"og:type\" content=\"article\" \/>\n<meta property=\"og:title\" content=\"Privacy Policy - MuSa\" \/>\n<meta property=\"og:description\" content=\"[vc_row][vc_column][vc_column_text] Privacy policy [\/vc_column_text][\/vc_column][\/vc_row][vc_row css=&#8221;.vc_custom_1599815748303{margin-top: 70px !important;margin-bottom: 90px !important;}&#8221;][vc_column width=&#8221;1\/6&#8243;][\/vc_column][vc_column width=&#8221;2\/3&#8243; css=&#8221;.vc_custom_1599815801418{padding-right: 3% !important;padding-left: 3% !important;}&#8221;][vc_column_text] Informativa sul trattamento dei dati personali Ai sensi dell&#8217;articolo 13 del Regolamento (UE) 2016\/679 sulla protezione dei dati personali (di seguito \u201cRegolamento\u201d oppure \u201cGDPR\u201d) il Titolare informa sui trattamenti di dati personali effettuati attraverso il sito web www.museodellasalumeria itRead more\" \/>\n<meta property=\"og:url\" content=\"https:\/\/www.museodellasalumeria.it\/en\/privacy-policy\/\" \/>\n<meta property=\"og:site_name\" content=\"MuSa\" \/>\n<meta property=\"article:modified_time\" content=\"2022-11-04T17:45:18+00:00\" \/>\n<meta name=\"twitter:card\" content=\"summary_large_image\" \/>\n<meta name=\"twitter:label1\" content=\"Est. reading time\" \/>\n\t<meta name=\"twitter:data1\" content=\"13 minutes\" \/>\n<script type=\"application\/ld+json\" class=\"yoast-schema-graph\">{\"@context\":\"https:\/\/schema.org\",\"@graph\":[{\"@type\":\"WebSite\",\"@id\":\"https:\/\/www.museodellasalumeria.it\/#website\",\"url\":\"https:\/\/www.museodellasalumeria.it\/\",\"name\":\"MuSa\",\"description\":\"Museo della Salumeria Villani\",\"potentialAction\":[{\"@type\":\"SearchAction\",\"target\":{\"@type\":\"EntryPoint\",\"urlTemplate\":\"https:\/\/www.museodellasalumeria.it\/?s={search_term_string}\"},\"query-input\":\"required name=search_term_string\"}],\"inLanguage\":\"en-US\"},{\"@type\":\"WebPage\",\"@id\":\"https:\/\/www.museodellasalumeria.it\/en\/privacy-policy\/\",\"url\":\"https:\/\/www.museodellasalumeria.it\/en\/privacy-policy\/\",\"name\":\"Privacy Policy - MuSa\",\"isPartOf\":{\"@id\":\"https:\/\/www.museodellasalumeria.it\/#website\"},\"datePublished\":\"2020-03-11T12:04:37+00:00\",\"dateModified\":\"2022-11-04T17:45:18+00:00\",\"breadcrumb\":{\"@id\":\"https:\/\/www.museodellasalumeria.it\/en\/privacy-policy\/#breadcrumb\"},\"inLanguage\":\"en-US\",\"potentialAction\":[{\"@type\":\"ReadAction\",\"target\":[\"https:\/\/www.museodellasalumeria.it\/en\/privacy-policy\/\"]}]},{\"@type\":\"BreadcrumbList\",\"@id\":\"https:\/\/www.museodellasalumeria.it\/en\/privacy-policy\/#breadcrumb\",\"itemListElement\":[{\"@type\":\"ListItem\",\"position\":1,\"name\":\"Home\",\"item\":\"https:\/\/www.museodellasalumeria.it\/en\/\"},{\"@type\":\"ListItem\",\"position\":2,\"name\":\"Privacy Policy\"}]}]}<\/script>\n<!-- \/ Yoast SEO plugin. -->","yoast_head_json":{"title":"Privacy Policy - MuSa","robots":{"index":"noindex","follow":"follow"},"og_locale":"en_US","og_type":"article","og_title":"Privacy Policy - MuSa","og_description":"[vc_row][vc_column][vc_column_text] Privacy policy [\/vc_column_text][\/vc_column][\/vc_row][vc_row css=&#8221;.vc_custom_1599815748303{margin-top: 70px !important;margin-bottom: 90px !important;}&#8221;][vc_column width=&#8221;1\/6&#8243;][\/vc_column][vc_column width=&#8221;2\/3&#8243; css=&#8221;.vc_custom_1599815801418{padding-right: 3% !important;padding-left: 3% !important;}&#8221;][vc_column_text] Informativa sul trattamento dei dati personali Ai sensi dell&#8217;articolo 13 del Regolamento (UE) 2016\/679 sulla protezione dei dati personali (di seguito \u201cRegolamento\u201d oppure \u201cGDPR\u201d) il Titolare informa sui trattamenti di dati personali effettuati attraverso il sito web www.museodellasalumeria itRead more","og_url":"https:\/\/www.museodellasalumeria.it\/en\/privacy-policy\/","og_site_name":"MuSa","article_modified_time":"2022-11-04T17:45:18+00:00","twitter_card":"summary_large_image","twitter_misc":{"Est. reading time":"13 minutes"},"schema":{"@context":"https:\/\/schema.org","@graph":[{"@type":"WebSite","@id":"https:\/\/www.museodellasalumeria.it\/#website","url":"https:\/\/www.museodellasalumeria.it\/","name":"MuSa","description":"Museo della Salumeria Villani","potentialAction":[{"@type":"SearchAction","target":{"@type":"EntryPoint","urlTemplate":"https:\/\/www.museodellasalumeria.it\/?s={search_term_string}"},"query-input":"required name=search_term_string"}],"inLanguage":"en-US"},{"@type":"WebPage","@id":"https:\/\/www.museodellasalumeria.it\/en\/privacy-policy\/","url":"https:\/\/www.museodellasalumeria.it\/en\/privacy-policy\/","name":"Privacy Policy - MuSa","isPartOf":{"@id":"https:\/\/www.museodellasalumeria.it\/#website"},"datePublished":"2020-03-11T12:04:37+00:00","dateModified":"2022-11-04T17:45:18+00:00","breadcrumb":{"@id":"https:\/\/www.museodellasalumeria.it\/en\/privacy-policy\/#breadcrumb"},"inLanguage":"en-US","potentialAction":[{"@type":"ReadAction","target":["https:\/\/www.museodellasalumeria.it\/en\/privacy-policy\/"]}]},{"@type":"BreadcrumbList","@id":"https:\/\/www.museodellasalumeria.it\/en\/privacy-policy\/#breadcrumb","itemListElement":[{"@type":"ListItem","position":1,"name":"Home","item":"https:\/\/www.museodellasalumeria.it\/en\/"},{"@type":"ListItem","position":2,"name":"Privacy Policy"}]}]}},"_links":{"self":[{"href":"https:\/\/www.museodellasalumeria.it\/en\/wp-json\/wp\/v2\/pages\/770"}],"collection":[{"href":"https:\/\/www.museodellasalumeria.it\/en\/wp-json\/wp\/v2\/pages"}],"about":[{"href":"https:\/\/www.museodellasalumeria.it\/en\/wp-json\/wp\/v2\/types\/page"}],"author":[{"embeddable":true,"href":"https:\/\/www.museodellasalumeria.it\/en\/wp-json\/wp\/v2\/users\/1"}],"replies":[{"embeddable":true,"href":"https:\/\/www.museodellasalumeria.it\/en\/wp-json\/wp\/v2\/comments?post=770"}],"version-history":[{"count":4,"href":"https:\/\/www.museodellasalumeria.it\/en\/wp-json\/wp\/v2\/pages\/770\/revisions"}],"predecessor-version":[{"id":1278,"href":"https:\/\/www.museodellasalumeria.it\/en\/wp-json\/wp\/v2\/pages\/770\/revisions\/1278"}],"wp:attachment":[{"href":"https:\/\/www.museodellasalumeria.it\/en\/wp-json\/wp\/v2\/media?parent=770"}],"curies":[{"name":"wp","href":"https:\/\/api.w.org\/{rel}","templated":true}]}}